{"id":2,"date":"2020-05-30T08:40:19","date_gmt":"2020-05-30T06:40:19","guid":{"rendered":"http:\/\/zkivcld.cluster029.hosting.ovh.net\/?page_id=2"},"modified":"2020-09-26T12:48:28","modified_gmt":"2020-09-26T10:48:28","slug":"bio","status":"publish","type":"page","link":"https:\/\/marcelgiraud.com\/","title":{"rendered":"BIO"},"content":{"rendered":"\r\n<p><img loading=\"lazy\" decoding=\"async\" class=\"alignleft size-medium wp-image-20\" src=\"http:\/\/zkivcld.cluster029.hosting.ovh.net\/wp-content\/uploads\/2020\/09\/Portrait_marcel_giraud-300x295.jpg\" alt=\"\" width=\"300\" height=\"295\">N\u00e9 \u00e0 Vallauris dans la maison familiale du quartier des Mauruches, Marcel Giraud grandit dans cette campagne au beau milieu des potiers, magiciens de l\u2019argile, qui le fascinaient.<\/p>\r\n<p>C\u2019est pour cette raison qu\u2019il quitte l\u2019\u00e9cole pour un dur apprentissage de tourneur, dans les ateliers de Blaise Rubino.<\/p>\r\n<p>Pendant ces quatre ann\u00e9es, avec acharnement, il du se battre avec le tour \u00e0 pied pour acqu\u00e9rir la ma\u00eetrise de la glaise.<\/p>\r\n<p>Le d\u00e9sir de connaissance l\u2019oriente ensuite vers les cuissons au feu de bois (tradition Vallaurienne de l\u2019\u00e9poque).<\/p>\r\n<p>Pendant deux ans, il s\u2019adonne \u00e0 la construction de ces fours ancestraux, en tant que fumiste, dans l\u2019atelier TIOLA.Connaissant les techniques de la glaise, il d\u00e9couvre l\u2019alchimie du feu.<\/p>\r\n<p>Pour confirmer ses qualit\u00e9s de tourneur, il loue ses services dans diff\u00e9rents ateliers de Vallauris.<\/p>\r\n<p>Marcel Giraud ouvre son premier atelier rue Fran\u00e7ois Donnet, et l\u00e0 pendant 15 ans il s\u2019affirme dans ce m\u00e9tier.<\/p>\r\n<p>La poterie culinaire est dans le vent.<br><br>Sa vie de potier roulait bon train, cependant l\u2019espace lui manquait.<br>Il d\u00e9cide de regagner la maison familiale du quartier des mauruches, berceau de sa cr\u00e9ation.<\/p>\r\n<p>Pendant ce temps, au travers la peinture, qui depuis l\u2019enfance ne l\u2019a jamais quitt\u00e9, il d\u00e9couvre la sculpture sur pierre et sur m\u00e9tal, qui lui apporte un nouvel \u00e9clairage.<\/p>\r\n<p>L\u2019inspiration le gagne et il revient \u00e0 la glaise, les oxydes et le feu, pour enfin red\u00e9couvrir le mariage des fa\u00efences et mosa\u00efques.<\/p>\r\n","protected":false},"excerpt":{"rendered":"<p>N\u00e9 \u00e0 Vallauris dans la maison familiale du quartier des Mauruches, Marcel Giraud grandit dans cette campagne au beau milieu des potiers, magiciens de l\u2019argile, qui le fascinaient. C\u2019est pour cette raison qu\u2019il quitte l\u2019\u00e9cole pour un dur apprentissage de tourneur, dans les ateliers de Blaise Rubino. Pendant ces quatre ann\u00e9es, avec acharnement, il du [&hellip;]<\/p>\n","protected":false},"author":1,"featured_media":0,"parent":0,"menu_order":0,"comment_status":"closed","ping_status":"open","template":"","meta":{"footnotes":""},"class_list":["post-2","page","type-page","status-publish","hentry"],"_links":{"self":[{"href":"https:\/\/marcelgiraud.com\/index.php\/wp-json\/wp\/v2\/pages\/2","targetHints":{"allow":["GET"]}}],"collection":[{"href":"https:\/\/marcelgiraud.com\/index.php\/wp-json\/wp\/v2\/pages"}],"about":[{"href":"https:\/\/marcelgiraud.com\/index.php\/wp-json\/wp\/v2\/types\/page"}],"author":[{"embeddable":true,"href":"https:\/\/marcelgiraud.com\/index.php\/wp-json\/wp\/v2\/users\/1"}],"replies":[{"embeddable":true,"href":"https:\/\/marcelgiraud.com\/index.php\/wp-json\/wp\/v2\/comments?post=2"}],"version-history":[{"count":7,"href":"https:\/\/marcelgiraud.com\/index.php\/wp-json\/wp\/v2\/pages\/2\/revisions"}],"predecessor-version":[{"id":85,"href":"https:\/\/marcelgiraud.com\/index.php\/wp-json\/wp\/v2\/pages\/2\/revisions\/85"}],"wp:attachment":[{"href":"https:\/\/marcelgiraud.com\/index.php\/wp-json\/wp\/v2\/media?parent=2"}],"curies":[{"name":"wp","href":"https:\/\/api.w.org\/{rel}","templated":true}]}}